{"id":1244,"date":"2017-02-27T09:51:19","date_gmt":"2017-02-27T15:51:19","guid":{"rendered":"http:\/\/www.mpisd.net\/cdc\/?page_id=1244"},"modified":"2025-02-27T12:57:19","modified_gmt":"2025-02-27T18:57:19","slug":"education-services","status":"publish","type":"page","link":"https:\/\/www.mpisd.net\/cdc\/parent-resources\/education-services\/","title":{"rendered":"Education Services"},"content":{"rendered":"<div class=\"fusion-fullwidth fullwidth-box fusion-builder-row-1 nonhundred-percent-fullwidth non-hundred-percent-height-scrolling\"  style='background-color: #e8e8e8;background-position: left top;background-repeat: no-repeat;padding-top:10px;padding-right:10px;padding-bottom:10px;padding-left:10px;border-top-width:3px;border-bottom-width:3px;border-color:#dd9933;border-top-style:solid;border-bottom-style:solid;'><div class=\"fusion-builder-row fusion-row \"><div  class=\"fusion-layout-column fusion_builder_column fusion_builder_column_1_1 fusion-builder-column-0 fusion-one-full fusion-column-first fusion-column-last fusion-column-no-min-height 1_1\"  style='margin-top:0px;margin-bottom:0px;'><div class=\"fusion-column-wrapper\" style=\"padding: 0px 0px 0px 0px;background-position:left top;background-repeat:no-repeat;-webkit-background-size:cover;-moz-background-size:cover;-o-background-size:cover;background-size:cover;\"   data-bg-url=\"\"><div class=\"fusion-text\"><p><span style=\"font-size: 18pt\"><strong><a href=\"http:\/\/www.mpisd.net\/cdc\/wp-content\/uploads\/sites\/18\/2017\/02\/Education-services1.png\"><img loading=\"lazy\" decoding=\"async\" class=\"aligncenter wp-image-1456 size-full\" src=\"https:\/\/www.mpisd.net\/cdc\/wp-content\/uploads\/sites\/18\/2017\/02\/Education-services1.png\" alt=\"\" width=\"586\" height=\"282\" srcset=\"https:\/\/www.mpisd.net\/cdc\/wp-content\/uploads\/sites\/18\/2017\/02\/Education-services1-100x48.png 100w, https:\/\/www.mpisd.net\/cdc\/wp-content\/uploads\/sites\/18\/2017\/02\/Education-services1-300x144.png 300w, https:\/\/www.mpisd.net\/cdc\/wp-content\/uploads\/sites\/18\/2017\/02\/Education-services1.png 586w\" sizes=\"auto, (max-width: 586px) 100vw, 586px\" \/><\/a><\/strong><\/span><\/p>\n<hr \/>\n<p style=\"text-align: center\">Here you will find different resources including School Readiness Goals, Parent Tools, Parent Activity Calendar and Helpful Sites.<br \/>\nAqu\u00ed encontrar\u00e1 diferentes recursos, incluidos objetivos de preparaci\u00f3n escolar, herramientas para padres, calendario de actividades para padres y sitios \u00fatiles.<\/p>\n<\/div><div class=\"fusion-clearfix\"><\/div><\/div><\/div><\/div><\/div>\n","protected":false},"excerpt":{"rendered":"","protected":false},"author":6,"featured_media":0,"parent":1206,"menu_order":0,"comment_status":"open","ping_status":"open","template":"side-navigation.php","meta":{"footnotes":""},"class_list":["post-1244","page","type-page","status-publish","hentry"],"_links":{"self":[{"href":"https:\/\/www.mpisd.net\/cdc\/wp-json\/wp\/v2\/pages\/1244","targetHints":{"allow":["GET"]}}],"collection":[{"href":"https:\/\/www.mpisd.net\/cdc\/wp-json\/wp\/v2\/pages"}],"about":[{"href":"https:\/\/www.mpisd.net\/cdc\/wp-json\/wp\/v2\/types\/page"}],"author":[{"embeddable":true,"href":"https:\/\/www.mpisd.net\/cdc\/wp-json\/wp\/v2\/users\/6"}],"replies":[{"embeddable":true,"href":"https:\/\/www.mpisd.net\/cdc\/wp-json\/wp\/v2\/comments?post=1244"}],"version-history":[{"count":0,"href":"https:\/\/www.mpisd.net\/cdc\/wp-json\/wp\/v2\/pages\/1244\/revisions"}],"up":[{"embeddable":true,"href":"https:\/\/www.mpisd.net\/cdc\/wp-json\/wp\/v2\/pages\/1206"}],"wp:attachment":[{"href":"https:\/\/www.mpisd.net\/cdc\/wp-json\/wp\/v2\/media?parent=1244"}],"curies":[{"name":"wp","href":"https:\/\/api.w.org\/{rel}","templated":true}]}}